{"id":62,"date":"2023-10-15T07:34:51","date_gmt":"2023-10-15T07:34:51","guid":{"rendered":"http:\/\/krisgo.hu\/?page_id=62"},"modified":"2023-10-15T07:48:44","modified_gmt":"2023-10-15T07:48:44","slug":"bemutatkozas","status":"publish","type":"page","link":"https:\/\/krisgo.hu\/?page_id=62","title":{"rendered":"Bemutatkoz\u00e1s"},"content":{"rendered":"\n[et_pb_section fb_built=&#8221;1&#8243; admin_label=&#8221;Video&#8221; _builder_version=&#8221;4.16&#8243; _module_preset=&#8221;default&#8221; hover_enabled=&#8221;0&#8243; global_colors_info=&#8221;{}&#8221; theme_builder_area=&#8221;post_content&#8221; sticky_enabled=&#8221;0&#8243;][et_pb_row _builder_version=&#8221;4.22.1&#8243; _module_preset=&#8221;default&#8221; theme_builder_area=&#8221;post_content&#8221;][et_pb_column _builder_version=&#8221;4.22.1&#8243; _module_preset=&#8221;default&#8221; type=&#8221;4_4&#8243; theme_builder_area=&#8221;post_content&#8221;][et_pb_text _builder_version=&#8221;4.16&#8243; _module_preset=&#8221;32021f09-dd67-47fb-8f9a-832b72a38baf&#8221; header_2_font=&#8221;Roboto Slab||||||||&#8221; header_2_text_color=&#8221;#000000&#8243; header_2_font_size=&#8221;54px&#8221; header_2_line_height=&#8221;1.35em&#8221; custom_margin=&#8221;||10px||false|false&#8221; header_2_font_size_tablet=&#8221;32px&#8221; header_2_font_size_phone=&#8221;16px&#8221; header_2_font_size_last_edited=&#8221;on|phone&#8221; locked=&#8221;off&#8221; global_colors_info=&#8221;{}&#8221; theme_builder_area=&#8221;post_content&#8221;]<h2><span style=\"color: #333333;\"><span>Kedves Tudatos V\u00e1s\u00e1rl\u00f3 \u00e9s Elad\u00f3!<\/span><\/span><\/h2>[\/et_pb_text][et_pb_text _builder_version=&#8221;4.16&#8243; _module_preset=&#8221;16a54059-cc81-4572-9c70-eda6a6c419bf&#8221; text_font=&#8221;|600|||||||&#8221; text_text_color=&#8221;RGBA(2,30,60,0.8)&#8221; text_font_size=&#8221;16px&#8221; text_line_height=&#8221;2em&#8221; text_font_size_tablet=&#8221;15px&#8221; text_font_size_phone=&#8221;13px&#8221; text_font_size_last_edited=&#8221;on|phone&#8221; text_line_height_tablet=&#8221;&#8221; text_line_height_phone=&#8221;1.7em&#8221; text_line_height_last_edited=&#8221;on|phone&#8221; header_font_size_tablet=&#8221;55px&#8221; header_font_size_last_edited=&#8221;off|desktop&#8221; locked=&#8221;off&#8221; global_colors_info=&#8221;{}&#8221; theme_builder_area=&#8221;post_content&#8221;]<p><span style=\"color: #333333;\"><span>Krisk\u00f3 Bence vagyok \u00e9s engedd meg, hogy bemutatkozzam Neked n\u00e9h\u00e1ny sorban.<\/span><\/span><\/p>\n<p><span style=\"color: #333333;\"><span><\/span><br \/><span>Az aut\u00f3k \u00e9s motorok vil\u00e1ga m\u00e1r eg\u00e9szen fiatalon mag\u00e1val ragadott. Gyerekk\u00e9nt folyamatosan figyelgettem \u0151ket. Ez\u00e9rt nem is volt k\u00e9rd\u00e9s sz\u00e1momra, hogy a p\u00e1lyav\u00e1laszt\u00e1s sor\u00e1n milyen ir\u00e1nyban szeretn\u00e9k tov\u00e1bbtanulni. Az iskolai \u00e9veket k\u00f6vet\u0151en 20 \u00e9vesen kezdtem el motorokkal foglalkozni, egyel\u0151re akkor m\u00e9g csak hobbi szinten. 21 \u00e9vesen pedig \u00fagy d\u00f6nt\u00f6ttem, hogy megnyitom saj\u00e1t szervizemet. M\u00e1r a megalap\u00edt\u00e1s el\u0151tt tudtam, hogy sz\u00ednvonalas \u00e9s min\u0151s\u00e9gi szolg\u00e1ltat\u00e1st szeretn\u00e9k ny\u00fajtani, melynek sor\u00e1n az \u00fcgyfelek bizalm\u00e1t becs\u00fclettel \u00e9s szak\u00e9rtelemmel viszonzom. \u00cdgy nyitottam meg a Cribmoto Szervizt 2012-ben, mely imm\u00e1ron 11 \u00e9ve sikeresen m\u0171k\u00f6dik. Az eltelt \u00e9vek alatt egy rendk\u00edv\u00fcl \u00fcgyf\u00e9lk\u00f6zpont\u00fa \u00e9s megold\u00e1scentrikus kiszolg\u00e1l\u00e1st \u00e9p\u00edtettem fel, ahol nap, mint nap tud\u00e1sommal seg\u00edtem \u00dcgyfeleimet. Ezalatt t\u00f6bb olyan esettel is tal\u00e1lkoztam, amikor egy frissen v\u00e1s\u00e1rolt motort hoztak \u00e1tvizsg\u00e1l\u00e1sra annak \u00e9rdek\u00e9ben, hogy a vev\u0151 teljes k\u00e9pet kapjon annak m\u0171szaki \u00e1llapot\u00e1val kapcsolatban. Az \u00e1tvizsg\u00e1l\u00e1s eredm\u00e9ny\u00e9t \u00e1ttekintve \u00e9s ki\u00e9rt\u00e9kelve sajnos sok szomor\u00fa tekintettel tal\u00e1lkoztam, ugyanis olyan hib\u00e1kra der\u00fclt f\u00e9ny, melyr\u0151l el\u0151zetesen az \u00dcgyfeleimnek nem volt tudom\u00e1sa, legyen az ak\u00e1r jav\u00edthat\u00f3 vagy jav\u00edthatatlan hiba. Azt is l\u00e1ttam, hogy szak\u00e9rtelem n\u00e9lk\u00fcl sokszor stresszt \u00e9s fesz\u00fclts\u00e9get jelent az \u00dcgyfeleknek egy j\u00e1rm\u0171 kiv\u00e1laszt\u00e1sa \u00e9s megv\u00e1s\u00e1rl\u00e1sa, mert nincsenek tiszt\u00e1ban azzal, hogy milyen buktat\u00f3kra \u00e9rdemes odafigyelni. A szakm\u00e1ban elt\u00f6lt\u00f6tt \u00e9vek \u00e9s a tapasztalataim r\u00e1vil\u00e1g\u00edtottak arra, hogy nem csak motorok szervizel\u00e9s\u00e9ben tudok seg\u00edteni a hozz\u00e1m fordul\u00f3 \u00dcgyfeleimnek.<\/span><\/span><\/p>\n<p><span style=\"color: #333333;\"><br \/><span>A KRISGO megalap\u00edt\u00e1s\u00e1val az a c\u00e9lom, hogy ak\u00e1r v\u00e1s\u00e1rl\u00f3k\u00e9nt, ak\u00e1r elad\u00f3k\u00e9nt fordul hozz\u00e1m valaki, tudjam seg\u00edteni d\u00f6nt\u00e9s\u00e9ben, mint f\u00fcggetlen szak\u00e9rt\u0151.<\/span><\/span><\/p>\n<p><span style=\"color: #333333;\"><br \/><span>Ennek sor\u00e1n a vev\u0151 \u00e9s az elad\u00f3 k\u00f6z\u00f6tt egy szakmai t\u00e1mogat\u00f3 szerepet t\u00f6lt\u00f6k be, ami abban seg\u00edt, hogy az adott motorker\u00e9kp\u00e1r vonatkoz\u00e1s\u00e1ban a re\u00e1lis k\u00e9pet l\u00e1ssa mindk\u00e9t \u00e9rintett f\u00e9l. A v\u00e1s\u00e1rl\u00e1s el\u0151tti \u00e1tvizsg\u00e1l\u00e1s sor\u00e1n f\u0151 ir\u00e1nyelv\u00fcnk az, hogy val\u00f3tlan hib\u00e1t nem \u00e1llap\u00edtunk meg a vev\u0151 jav\u00e1ra, a l\u00e9tez\u0151 hib\u00e1kat viszont egyt\u0151l-egyig felt\u00e1rjuk. Haszn\u00e1lt motor ad\u00e1sv\u00e9tele eset\u00e9n a jav\u00edthat\u00f3 hib\u00e1kt\u00f3l nem kell tartani, de j\u00f3, ha tiszt\u00e1ban vagyunk vele, hiszen a v\u00e9tel\u00e1r kialak\u00edt\u00e1s\u00e1n\u00e1l nem elhanyagolhat\u00f3 t\u00e9nyez\u0151.<\/span><\/span><\/p>[\/et_pb_text][\/et_pb_column][\/et_pb_row][\/et_pb_section][et_pb_section fb_built=&#8221;1&#8243; custom_padding_last_edited=&#8221;on|desktop&#8221; admin_label=&#8221;Header&#8221; _builder_version=&#8221;4.22.1&#8243; _module_preset=&#8221;default&#8221; background_image=&#8221;https:\/\/krisgo.hu\/wp-content\/uploads\/2023\/10\/kg_hatter3.png&#8221; background_position=&#8221;bottom_center&#8221; custom_padding=&#8221;120px||120px||true|&#8221; custom_padding_tablet=&#8221;40px||40px||true|false&#8221; custom_padding_phone=&#8221;&#8221; hover_enabled=&#8221;0&#8243; background_last_edited=&#8221;off|desktop&#8221; global_colors_info=&#8221;{}&#8221; theme_builder_area=&#8221;post_content&#8221; title_text=&#8221;kg_hatter3&#8243; sticky_enabled=&#8221;0&#8243;][et_pb_row column_structure=&#8221;1_3,2_3&#8243; _builder_version=&#8221;4.16&#8243; _module_preset=&#8221;default&#8221; global_colors_info=&#8221;{}&#8221; theme_builder_area=&#8221;post_content&#8221;][et_pb_column type=&#8221;1_3&#8243; _builder_version=&#8221;4.16&#8243; _module_preset=&#8221;default&#8221; background_color=&#8221;#FFFFFF&#8221; global_colors_info=&#8221;{}&#8221; theme_builder_area=&#8221;post_content&#8221;][et_pb_text _builder_version=&#8221;4.16&#8243; _module_preset=&#8221;d72c0383-6487-4f2c-ac5c-7d48a6376757&#8243; header_font=&#8221;Roboto Slab||||||||&#8221; header_text_color=&#8221;#000000&#8243; header_font_size=&#8221;80px&#8221; header_line_height=&#8221;1.2em&#8221; custom_margin=&#8221;||10px||false|false&#8221; header_font_size_tablet=&#8221;40px&#8221; header_font_size_phone=&#8221;20px&#8221; header_font_size_last_edited=&#8221;on|phone&#8221; locked=&#8221;off&#8221; global_colors_info=&#8221;{}&#8221; theme_builder_area=&#8221;post_content&#8221;]<h1>\u00cdrj nekem!<\/h1>\n<p>&nbsp;<\/p>[\/et_pb_text][\/et_pb_column][et_pb_column type=&#8221;2_3&#8243; _builder_version=&#8221;4.16&#8243; _module_preset=&#8221;default&#8221; global_colors_info=&#8221;{}&#8221; theme_builder_area=&#8221;post_content&#8221;][et_pb_contact_form captcha=&#8221;off&#8221; email=&#8221;Bituman@bituman.hu&#8221; success_message=&#8221;K\u00f6sz\u00f6nj\u00fck a megkeres\u00e9st. Hamarosan jelentkez\u00fcnk!&#8221; submit_button_text=&#8221;K\u00fcld\u00e9s&#8221; _builder_version=&#8221;4.22.1&#8243; _module_preset=&#8221;default&#8221; form_field_background_color=&#8221;#FFFFFF&#8221; form_field_text_color=&#8221;#000000&#8243; custom_button=&#8221;on&#8221; button_text_size=&#8221;14px&#8221; button_text_color=&#8221;#FFFFFF&#8221; button_bg_color=&#8221;#41E2BA&#8221; button_border_radius=&#8221;0px&#8221; button_letter_spacing=&#8221;2px&#8221; button_font=&#8221;|700||on|||||&#8221; button_custom_padding=&#8221;16px|20px|16px|20px|true|true&#8221; border_width_all=&#8221;2px&#8221; global_colors_info=&#8221;{%22gcid-98d90e25-2ae4-4d27-95a6-0d39ba22d29e%22:%91%93}&#8221; button_bg_color__hover=&#8221;#000000&#8243; button_bg_color__hover_enabled=&#8221;on|desktop&#8221; theme_builder_area=&#8221;post_content&#8221;][et_pb_contact_field field_id=&#8221;N\u00e9v&#8221; field_title=&#8221;N\u00e9v&#8221; _builder_version=&#8221;4.22.1&#8243; global_colors_info=&#8221;{}&#8221; button_text_size__hover_enabled=&#8221;off&#8221; button_one_text_size__hover_enabled=&#8221;off&#8221; button_two_text_size__hover_enabled=&#8221;off&#8221; button_text_color__hover_enabled=&#8221;off&#8221; button_one_text_color__hover_enabled=&#8221;off&#8221; button_two_text_color__hover_enabled=&#8221;off&#8221; button_border_width__hover_enabled=&#8221;off&#8221; button_one_border_width__hover_enabled=&#8221;off&#8221; button_two_border_width__hover_enabled=&#8221;off&#8221; button_border_color__hover_enabled=&#8221;off&#8221; button_one_border_color__hover_enabled=&#8221;off&#8221; button_two_border_color__hover_enabled=&#8221;off&#8221; button_border_radius__hover_enabled=&#8221;off&#8221; button_one_border_radius__hover_enabled=&#8221;off&#8221; button_two_border_radius__hover_enabled=&#8221;off&#8221; button_letter_spacing__hover_enabled=&#8221;off&#8221; button_one_letter_spacing__hover_enabled=&#8221;off&#8221; button_two_letter_spacing__hover_enabled=&#8221;off&#8221; button_bg_color__hover_enabled=&#8221;off&#8221; button_one_bg_color__hover_enabled=&#8221;off&#8221; button_two_bg_color__hover_enabled=&#8221;off&#8221; theme_builder_area=&#8221;post_content&#8221;][\/et_pb_contact_field][et_pb_contact_field field_id=&#8221;Email&#8221; field_title=&#8221;Email c\u00edm&#8221; field_type=&#8221;email&#8221; _builder_version=&#8221;4.22.1&#8243; global_colors_info=&#8221;{}&#8221; button_text_size__hover_enabled=&#8221;off&#8221; button_one_text_size__hover_enabled=&#8221;off&#8221; button_two_text_size__hover_enabled=&#8221;off&#8221; button_text_color__hover_enabled=&#8221;off&#8221; button_one_text_color__hover_enabled=&#8221;off&#8221; button_two_text_color__hover_enabled=&#8221;off&#8221; button_border_width__hover_enabled=&#8221;off&#8221; button_one_border_width__hover_enabled=&#8221;off&#8221; button_two_border_width__hover_enabled=&#8221;off&#8221; button_border_color__hover_enabled=&#8221;off&#8221; button_one_border_color__hover_enabled=&#8221;off&#8221; button_two_border_color__hover_enabled=&#8221;off&#8221; button_border_radius__hover_enabled=&#8221;off&#8221; button_one_border_radius__hover_enabled=&#8221;off&#8221; button_two_border_radius__hover_enabled=&#8221;off&#8221; button_letter_spacing__hover_enabled=&#8221;off&#8221; button_one_letter_spacing__hover_enabled=&#8221;off&#8221; button_two_letter_spacing__hover_enabled=&#8221;off&#8221; button_bg_color__hover_enabled=&#8221;off&#8221; button_one_bg_color__hover_enabled=&#8221;off&#8221; button_two_bg_color__hover_enabled=&#8221;off&#8221; theme_builder_area=&#8221;post_content&#8221;][\/et_pb_contact_field][et_pb_contact_field field_id=&#8221;Jarmu&#8221; field_title=&#8221;J\u00e1rm\u0171 m\u00e1rka \/ t\u00edpus \/ \u00e9vj\u00e1rat&#8221; fullwidth_field=&#8221;on&#8221; _builder_version=&#8221;4.22.1&#8243; _module_preset=&#8221;default&#8221; global_colors_info=&#8221;{}&#8221; theme_builder_area=&#8221;post_content&#8221;][\/et_pb_contact_field][et_pb_contact_field field_id=&#8221;\u00dczenet&#8221; field_title=&#8221;\u00dczenet&#8221; field_type=&#8221;text&#8221; fullwidth_field=&#8221;on&#8221; _builder_version=&#8221;4.22.1&#8243; global_colors_info=&#8221;{}&#8221; button_text_size__hover_enabled=&#8221;off&#8221; button_one_text_size__hover_enabled=&#8221;off&#8221; button_two_text_size__hover_enabled=&#8221;off&#8221; button_text_color__hover_enabled=&#8221;off&#8221; button_one_text_color__hover_enabled=&#8221;off&#8221; button_two_text_color__hover_enabled=&#8221;off&#8221; button_border_width__hover_enabled=&#8221;off&#8221; button_one_border_width__hover_enabled=&#8221;off&#8221; button_two_border_width__hover_enabled=&#8221;off&#8221; button_border_color__hover_enabled=&#8221;off&#8221; button_one_border_color__hover_enabled=&#8221;off&#8221; button_two_border_color__hover_enabled=&#8221;off&#8221; button_border_radius__hover_enabled=&#8221;off&#8221; button_one_border_radius__hover_enabled=&#8221;off&#8221; button_two_border_radius__hover_enabled=&#8221;off&#8221; button_letter_spacing__hover_enabled=&#8221;off&#8221; button_one_letter_spacing__hover_enabled=&#8221;off&#8221; button_two_letter_spacing__hover_enabled=&#8221;off&#8221; button_bg_color__hover_enabled=&#8221;off&#8221; button_one_bg_color__hover_enabled=&#8221;off&#8221; button_two_bg_color__hover_enabled=&#8221;off&#8221; theme_builder_area=&#8221;post_content&#8221;][\/et_pb_contact_field][\/et_pb_contact_form][\/et_pb_column][\/et_pb_row][\/et_pb_section]\n","protected":false},"excerpt":{"rendered":"<p>Kedves Tudatos V\u00e1s\u00e1rl\u00f3 \u00e9s Elad\u00f3!Krisk\u00f3 Bence vagyok \u00e9s engedd meg, hogy bemutatkozzam Neked n\u00e9h\u00e1ny sorban. Az aut\u00f3k \u00e9s motorok vil\u00e1ga m\u00e1r eg\u00e9szen fiatalon mag\u00e1val ragadott. Gyerekk\u00e9nt folyamatosan figyelgettem \u0151ket. Ez\u00e9rt nem is volt k\u00e9rd\u00e9s sz\u00e1momra, hogy a p\u00e1lyav\u00e1laszt\u00e1s sor\u00e1n milyen ir\u00e1nyban szeretn\u00e9k tov\u00e1bbtanulni. Az iskolai \u00e9veket k\u00f6vet\u0151en 20 \u00e9vesen kezdtem el motorokkal foglalkozni, egyel\u0151re akkor [&hellip;]<\/p>\n","protected":false},"author":1,"featured_media":0,"parent":0,"menu_order":0,"comment_status":"closed","ping_status":"closed","template":"","meta":{"_et_pb_use_builder":"on","_et_pb_old_content":"","_et_gb_content_width":"","footnotes":""},"class_list":["post-62","page","type-page","status-publish","hentry"],"_links":{"self":[{"href":"https:\/\/krisgo.hu\/index.php?rest_route=\/wp\/v2\/pages\/62","targetHints":{"allow":["GET"]}}],"collection":[{"href":"https:\/\/krisgo.hu\/index.php?rest_route=\/wp\/v2\/pages"}],"about":[{"href":"https:\/\/krisgo.hu\/index.php?rest_route=\/wp\/v2\/types\/page"}],"author":[{"embeddable":true,"href":"https:\/\/krisgo.hu\/index.php?rest_route=\/wp\/v2\/users\/1"}],"replies":[{"embeddable":true,"href":"https:\/\/krisgo.hu\/index.php?rest_route=%2Fwp%2Fv2%2Fcomments&post=62"}],"version-history":[{"count":4,"href":"https:\/\/krisgo.hu\/index.php?rest_route=\/wp\/v2\/pages\/62\/revisions"}],"predecessor-version":[{"id":95,"href":"https:\/\/krisgo.hu\/index.php?rest_route=\/wp\/v2\/pages\/62\/revisions\/95"}],"wp:attachment":[{"href":"https:\/\/krisgo.hu\/index.php?rest_route=%2Fwp%2Fv2%2Fmedia&parent=62"}],"curies":[{"name":"wp","href":"https:\/\/api.w.org\/{rel}","templated":true}]}}